{"id":19,"date":"2018-09-12T23:25:16","date_gmt":"2018-09-12T23:25:16","guid":{"rendered":"https:\/\/gpsites.co\/spacious\/?page_id=19"},"modified":"2020-08-03T13:13:47","modified_gmt":"2020-08-03T11:13:47","slug":"about","status":"publish","type":"page","link":"https:\/\/camel.com.pl\/?page_id=19","title":{"rendered":"O nas"},"content":{"rendered":"\n<p>Nasz\u0105 ide\u0105 jest prowadzenie nowoczesnego obiektu handlowo- us\u0142ugowego, kt\u00f3ry zapewnia klientom satysfakcj\u0119 i zadowolenie oraz wysoki standard \u015bwiadczonych us\u0142ug.<\/p>\n\n\n\n<p>Jaros\u0142aw Glonek, w\u0142a\u015bciciel firmy doskonale wie jak realizowa\u0107 t\u0105 idee. Prowadz\u0105c firm\u0119 Gloss, zajmuj\u0105c\u0105 si\u0119 produkcj\u0105 szk\u0142a, kt\u00f3rej za\u0142o\u017cycielem by\u0142 jego ojciec Stanis\u0142aw, zdoby\u0142 ogromne do\u015bwiadczenie i znalaz\u0142 spos\u00f3b na zdobycie wysokiej pozycji na rynku przy tak ogromnej konkurencji. Zdaj\u0105c sobie spraw\u0119, \u017ce firm\u0119 tworz\u0105 ludzie oraz atmosfera w jakiej pracuj\u0105, stawiamy na dob\u00f3r odpowiedniej kadry, kt\u00f3ra pozwoli nam na realizacj\u0119 tego celu.<\/p>\n\n\n\n<p>Bior\u0105c pod uwag\u0119 du\u017c\u0105 konkurencj\u0119 na rynku oraz jeszcze wi\u0119ksze oczekiwania klient\u00f3w, pragniemy stworzy\u0107 firm\u0119, kt\u00f3rej priorytetem i przewodnim mottem b\u0119dzie jak najbardziej kompleksowe dostosowanie si\u0119 do stawianych nam wymaga\u0144.<\/p>\n\n\n\n<figure class=\"wp-block-gallery alignwide columns-2 is-cropped wp-block-gallery-1 is-layout-flex wp-block-gallery-is-layout-flex\"><ul class=\"blocks-gallery-grid\"><li class=\"blocks-gallery-item\"><figure><a href=\"http:\/\/serwer1522513.home.pl\/autoinstalator\/wordpress\/wp-content\/uploads\/2020\/07\/03.jpg\"><img loading=\"lazy\" decoding=\"async\" width=\"875\" height=\"468\" src=\"http:\/\/serwer1522513.home.pl\/autoinstalator\/wordpress\/wp-content\/uploads\/2020\/07\/03.jpg\" alt=\"\" data-id=\"90\" data-link=\"http:\/\/serwer1522513.home.pl\/autoinstalator\/wordpress\/?attachment_id=90#main\" class=\"wp-image-90\" srcset=\"https:\/\/camel.com.pl\/wp-content\/uploads\/2020\/07\/03.jpg 875w, https:\/\/camel.com.pl\/wp-content\/uploads\/2020\/07\/03-300x160.jpg 300w, https:\/\/camel.com.pl\/wp-content\/uploads\/2020\/07\/03-768x411.jpg 768w\" sizes=\"(max-width: 875px) 100vw, 875px\" \/><\/a><figcaption class=\"blocks-gallery-item__caption\">Restauracja KFC z Drive Thru<\/figcaption><\/figure><\/li><li class=\"blocks-gallery-item\"><figure><a href=\"http:\/\/serwer1522513.home.pl\/autoinstalator\/wordpress\/wp-content\/uploads\/2020\/07\/01.jpg\"><img loading=\"lazy\" decoding=\"async\" width=\"875\" height=\"468\" src=\"http:\/\/serwer1522513.home.pl\/autoinstalator\/wordpress\/wp-content\/uploads\/2020\/07\/01.jpg\" alt=\"\" data-id=\"91\" data-link=\"http:\/\/serwer1522513.home.pl\/autoinstalator\/wordpress\/?attachment_id=91#main\" class=\"wp-image-91\" srcset=\"https:\/\/camel.com.pl\/wp-content\/uploads\/2020\/07\/01.jpg 875w, https:\/\/camel.com.pl\/wp-content\/uploads\/2020\/07\/01-300x160.jpg 300w, https:\/\/camel.com.pl\/wp-content\/uploads\/2020\/07\/01-768x411.jpg 768w\" sizes=\"(max-width: 875px) 100vw, 875px\" \/><\/a><figcaption class=\"blocks-gallery-item__caption\">Stacja Paliw LOTOS<\/figcaption><\/figure><\/li><li class=\"blocks-gallery-item\"><figure><a href=\"http:\/\/serwer1522513.home.pl\/autoinstalator\/wordpress\/wp-content\/uploads\/2020\/08\/adv-2.png\"><img loading=\"lazy\" decoding=\"async\" width=\"1024\" height=\"426\" src=\"http:\/\/serwer1522513.home.pl\/autoinstalator\/wordpress\/wp-content\/uploads\/2020\/08\/adv-2-1024x426.png\" alt=\"\" data-id=\"126\" data-full-url=\"http:\/\/serwer1522513.home.pl\/autoinstalator\/wordpress\/wp-content\/uploads\/2020\/08\/adv-2.png\" data-link=\"http:\/\/serwer1522513.home.pl\/autoinstalator\/wordpress\/?attachment_id=126#main\" class=\"wp-image-126\" srcset=\"https:\/\/camel.com.pl\/wp-content\/uploads\/2020\/08\/adv-2-1024x426.png 1024w, https:\/\/camel.com.pl\/wp-content\/uploads\/2020\/08\/adv-2-300x125.png 300w, https:\/\/camel.com.pl\/wp-content\/uploads\/2020\/08\/adv-2-768x320.png 768w, https:\/\/camel.com.pl\/wp-content\/uploads\/2020\/08\/adv-2-1536x640.png 1536w, https:\/\/camel.com.pl\/wp-content\/uploads\/2020\/08\/adv-2.png 1909w\" sizes=\"(max-width: 1024px) 100vw, 1024px\" \/><\/a><figcaption class=\"blocks-gallery-item__caption\">Kompleks Gronowo | Leszno<\/figcaption><\/figure><\/li><\/ul><\/figure>\n","protected":false},"excerpt":{"rendered":"<p>Nasz\u0105 ide\u0105 jest prowadzenie nowoczesnego obiektu handlowo- us\u0142ugowego, kt\u00f3ry zapewnia klientom satysfakcj\u0119 i zadowolenie oraz wysoki standard \u015bwiadczonych us\u0142ug. Jaros\u0142aw Glonek, w\u0142a\u015bciciel firmy doskonale wie jak realizowa\u0107 t\u0105 idee. Prowadz\u0105c firm\u0119 Gloss, zajmuj\u0105c\u0105 si\u0119 produkcj\u0105 szk\u0142a, kt\u00f3rej za\u0142o\u017cycielem by\u0142 jego ojciec Stanis\u0142aw, zdoby\u0142 ogromne do\u015bwiadczenie i znalaz\u0142 spos\u00f3b na zdobycie wysokiej pozycji na rynku przy &#8230; <\/p>\n<p class=\"read-more-container\"><a title=\"O nas\" class=\"read-more button\" href=\"https:\/\/camel.com.pl\/?page_id=19#more-19\" aria-label=\"Read more about O nas\">Read more<\/a><\/p>\n","protected":false},"author":1,"featured_media":0,"parent":0,"menu_order":0,"comment_status":"closed","ping_status":"closed","template":"","meta":{"footnotes":""},"_links":{"self":[{"href":"https:\/\/camel.com.pl\/index.php?rest_route=\/wp\/v2\/pages\/19"}],"collection":[{"href":"https:\/\/camel.com.pl\/index.php?rest_route=\/wp\/v2\/pages"}],"about":[{"href":"https:\/\/camel.com.pl\/index.php?rest_route=\/wp\/v2\/types\/page"}],"author":[{"embeddable":true,"href":"https:\/\/camel.com.pl\/index.php?rest_route=\/wp\/v2\/users\/1"}],"replies":[{"embeddable":true,"href":"https:\/\/camel.com.pl\/index.php?rest_route=%2Fwp%2Fv2%2Fcomments&post=19"}],"version-history":[{"count":8,"href":"https:\/\/camel.com.pl\/index.php?rest_route=\/wp\/v2\/pages\/19\/revisions"}],"predecessor-version":[{"id":127,"href":"https:\/\/camel.com.pl\/index.php?rest_route=\/wp\/v2\/pages\/19\/revisions\/127"}],"wp:attachment":[{"href":"https:\/\/camel.com.pl\/index.php?rest_route=%2Fwp%2Fv2%2Fmedia&parent=19"}],"curies":[{"name":"wp","href":"https:\/\/api.w.org\/{rel}","templated":true}]}}